{"id":36274,"date":"2021-05-11T15:33:55","date_gmt":"2021-05-11T15:33:55","guid":{"rendered":"https:\/\/locallhomes.pt\/portugal\/?page_id=36274"},"modified":"2021-12-16T14:34:29","modified_gmt":"2021-12-16T14:34:29","slug":"quem-somos","status":"publish","type":"page","link":"https:\/\/locallhomes.pt\/portugal\/quem-somos\/","title":{"rendered":"Quem somos"},"content":{"rendered":"<h1>LOCALLHOMES: Descubra Portugal com o Alojamento Local<\/h1>\n<p style=\"caret-color: #000000; color: #000000;\" data-block-id=\"block-d43999d0-1de3-4ca3-bc40-7285b1e0754a\"><b>O LOCALLHOMES, criado em 2021, \u00e9 uma iniciativa da ALEP \u2013 Associa\u00e7\u00e3o de Alojamento Local em Portugal com o apoio do Turismo de Portugal.<br \/>\n<\/b><b>Um projeto pioneiro e o primeiro site de reservas nacional inteiramente dedicado ao Alojamento Local (AL).<\/b><\/p>\n<p style=\"margin: 0cm; caret-color: #222222; color: #222222; line-height: normal; font-size: 11pt; font-family: Calibri, sans-serif;\">No LOCALLHOMES s\u00f3 est\u00e3o anunciados Alojamentos Locais devidamente registados no RNAL \u2013 Registo Nacional de Estabelecimentos de Alojamento Local.<\/p>\n<p style=\"caret-color: #000000; color: #000000;\" data-block-id=\"block-d43999d0-1de3-4ca3-bc40-7285b1e0754a\">De norte a sul do Pa\u00eds, est\u00e3o divididos pelos seguintes tipos de alojamento: Apartamentos, Moradias, Guesthouses e Hostels (quarto individual ou dormit\u00f3rio).<\/p>\n<p><img loading=\"lazy\" src=\"https:\/\/locallhomes.pt\/portugal\/wp-content\/uploads\/2021\/05\/bigstock-Couple-Enjoying-Coffee-On-A-Ba-263256403-1920x790.jpg\" alt=\"\" width=\"1800\" height=\"741\" \/><\/p>\n<h2>DESCUBRA PORQUE \u00c9 QUE O ALOJAMENTO LOCAL\u00a0\u00c9 A MELHOR OP\u00c7\u00c3O PARA AS SUAS F\u00c9RIAS<\/h2>\n<h2 contenteditable=\"true\" data-elementor-setting-key=\"title\" data-pen-placeholder=\"Digite aqui...\">A SEGURAN\u00c7A E PRIVACIDADE DE UM ESPA\u00c7O S\u00d3 PARA SI<\/h2>\n<p>Nestes tempos de pandemia, o Alojamento Local, devido \u00e0s suas caracter\u00edsticas, \u00e9 a melhor op\u00e7\u00e3o para aproveitar uns dias de descanso com toda a seguran\u00e7a, privacidade e conforto.\u00a0Pesquise os diferentes tipos de alojamento dispon\u00edveis, a regi\u00e3o que gostaria de explorar e descubra o espa\u00e7o ideal para relaxar e descontrair, sozinho, a dois ou em fam\u00edlia.\u00a0Ao optar pelo Alojamento Local, tem tudo o que \u00e9 preciso para uma noite &#8211; ou umas f\u00e9rias \u2013 relaxantes e seguras, vivenciando todas as experi\u00eancias de uma regi\u00e3o, mas como se estivesse na sua pr\u00f3pria casa.<\/p>\n<h2 style=\"font-family: Roboto, sans-serif;\" data-elementor-setting-key=\"title\" data-pen-placeholder=\"Digite aqui...\">A DESCOBERTA DE NOVOS LUGARES EM PORTUGAL<\/h2>\n<p>O Pa\u00eds ainda est\u00e1 a reabrir, mas j\u00e1 \u00e9 uma boa altura para fazer planos para as suas pr\u00f3ximas f\u00e9rias.<br \/>\nFuja \u00e0 rotina! No LOCALLHOMES encontrar\u00e1 diversas op\u00e7\u00f5es para aproveitar uns dias de descanso e relaxar com todo o conforto e seguran\u00e7a, tendo um alojamento s\u00f3 para si.<\/p>\n<h2 style=\"font-family: Roboto, sans-serif;\" data-elementor-setting-key=\"title\" data-pen-placeholder=\"Digite aqui...\">A OPORTUNIDADE PARA APOIAR O COM\u00c9RCIO LOCAL E O TURISMO SUSTENT\u00c1VEL<\/h2>\n<p>Experimente deixar a sua cidade de lado e aventure-se pela natureza e trilhos de Portugal ou pernoite na regi\u00e3o que sempre teve curiosidade em conhecer.<br \/>\nSiga as sugest\u00f5es do propriet\u00e1rio do Alojamento Local e descubra as maravilhas da gastronomia regional e a diversidade de produtos das feiras e mercados locais.<br \/>\nPasseie a p\u00e9, alugue uma bicicleta, fa\u00e7a um piquenique, aprecie o p\u00f4r do sol \u00e0 beira rio ou o c\u00e9u estrelado.<br \/>\nNunca como agora, descobrir Portugal fez tanto sentido e foi t\u00e3o sustent\u00e1vel.<\/p>\n","protected":false},"excerpt":{"rendered":"<p>LOCALLHOMES: Descubra Portugal com o Alojamento Local O LOCALLHOMES, criado em 2021, \u00e9 uma iniciativa da ALEP \u2013 Associa\u00e7\u00e3o de Alojamento Local em Portugal com o apoio do Turismo de Portugal. Um projeto pioneiro e o primeiro site de reservas nacional inteiramente dedicado ao Alojamento Local (AL). No LOCALLHOMES s\u00f3 est\u00e3o anunciados Alojamentos Locais devidamente &#8230;<\/p>\n","protected":false},"author":7,"featured_media":0,"parent":0,"menu_order":0,"comment_status":"closed","ping_status":"open","template":"","meta":[],"_links":{"self":[{"href":"https:\/\/locallhomes.pt\/portugal\/wp-json\/wp\/v2\/pages\/36274"}],"collection":[{"href":"https:\/\/locallhomes.pt\/portugal\/wp-json\/wp\/v2\/pages"}],"about":[{"href":"https:\/\/locallhomes.pt\/portugal\/wp-json\/wp\/v2\/types\/page"}],"author":[{"embeddable":true,"href":"https:\/\/locallhomes.pt\/portugal\/wp-json\/wp\/v2\/users\/7"}],"replies":[{"embeddable":true,"href":"https:\/\/locallhomes.pt\/portugal\/wp-json\/wp\/v2\/comments?post=36274"}],"version-history":[{"count":67,"href":"https:\/\/locallhomes.pt\/portugal\/wp-json\/wp\/v2\/pages\/36274\/revisions"}],"predecessor-version":[{"id":49747,"href":"https:\/\/locallhomes.pt\/portugal\/wp-json\/wp\/v2\/pages\/36274\/revisions\/49747"}],"wp:attachment":[{"href":"https:\/\/locallhomes.pt\/portugal\/wp-json\/wp\/v2\/media?parent=36274"}],"curies":[{"name":"wp","href":"https:\/\/api.w.org\/{rel}","templated":true}]}}