{"id":35801,"date":"2021-04-26T10:44:03","date_gmt":"2021-04-26T10:44:03","guid":{"rendered":"https:\/\/locallhomes.pt\/portugal\/?page_id=35801"},"modified":"2021-09-28T00:26:27","modified_gmt":"2021-09-28T00:26:27","slug":"como-anunciar","status":"publish","type":"page","link":"https:\/\/locallhomes.pt\/portugal\/como-anunciar\/","title":{"rendered":"Como anunciar"},"content":{"rendered":"\t\t<div data-elementor-type=\"wp-page\" data-elementor-id=\"35801\" class=\"elementor elementor-35801\" data-elementor-settings=\"[]\">\n\t\t\t\t\t\t<div class=\"elementor-inner\">\n\t\t\t\t\t\t\t<div class=\"elementor-section-wrap\">\n\t\t\t\t\t\t\t<section class=\"elementor-section elementor-top-section elementor-element elementor-element-7d208812 elementor-section-boxed elementor-section-height-default elementor-section-height-default\" data-id=\"7d208812\" data-element_type=\"section\">\n\t\t\t\t\t\t<div class=\"elementor-container elementor-column-gap-default\">\n\t\t\t\t\t\t\t<div class=\"elementor-row\">\n\t\t\t\t\t<div class=\"elementor-column elementor-col-100 elementor-top-column elementor-element elementor-element-41ef29db\" data-id=\"41ef29db\" data-element_type=\"column\">\n\t\t\t<div class=\"elementor-column-wrap elementor-element-populated\">\n\t\t\t\t\t\t\t<div class=\"elementor-widget-wrap\">\n\t\t\t\t\t\t<div class=\"elementor-element elementor-element-a7e873c elementor-widget elementor-widget-heading\" data-id=\"a7e873c\" data-element_type=\"widget\" data-widget_type=\"heading.default\">\n\t\t\t\t<div class=\"elementor-widget-container\">\n\t\t\t<h2 class=\"elementor-heading-title elementor-size-default\">Coloque o seu Alojamento Local no LOCALLHOMES<br><\/h2>\t\t<\/div>\n\t\t\t\t<\/div>\n\t\t\t\t\t\t<\/div>\n\t\t\t\t\t<\/div>\n\t\t<\/div>\n\t\t\t\t\t\t\t\t<\/div>\n\t\t\t\t\t<\/div>\n\t\t<\/section>\n\t\t\t\t<section class=\"elementor-section elementor-top-section elementor-element elementor-element-765cf0a elementor-section-boxed elementor-section-height-default elementor-section-height-default\" data-id=\"765cf0a\" data-element_type=\"section\">\n\t\t\t\t\t\t<div class=\"elementor-container elementor-column-gap-default\">\n\t\t\t\t\t\t\t<div class=\"elementor-row\">\n\t\t\t\t\t<div class=\"elementor-column elementor-col-100 elementor-top-column elementor-element elementor-element-8de0209\" data-id=\"8de0209\" data-element_type=\"column\">\n\t\t\t<div class=\"elementor-column-wrap elementor-element-populated\">\n\t\t\t\t\t\t\t<div class=\"elementor-widget-wrap\">\n\t\t\t\t\t\t<div class=\"elementor-element elementor-element-dee314c elementor-aspect-ratio-169 elementor-widget elementor-widget-video\" data-id=\"dee314c\" data-element_type=\"widget\" data-settings=\"{&quot;video_type&quot;:&quot;vimeo&quot;,&quot;autoplay&quot;:&quot;yes&quot;,&quot;play_on_mobile&quot;:&quot;yes&quot;,&quot;aspect_ratio&quot;:&quot;169&quot;}\" data-widget_type=\"video.default\">\n\t\t\t\t<div class=\"elementor-widget-container\">\n\t\t\t\t\t<div class=\"elementor-wrapper elementor-fit-aspect-ratio elementor-open-inline\">\n\t\t\t<iframe class=\"elementor-video-iframe\" allowfullscreen title=\"Reprodutor de v\u00eddeo de vimeo\" src=\"https:\/\/player.vimeo.com\/video\/616500935?autoplay=1&amp;playsinline=1&amp;color&amp;autopause=0&amp;loop=0&amp;muted=0&amp;title=1&amp;portrait=1&amp;byline=1#t=\"><\/iframe>\t\t<\/div>\n\t\t\t\t<\/div>\n\t\t\t\t<\/div>\n\t\t\t\t\t\t<\/div>\n\t\t\t\t\t<\/div>\n\t\t<\/div>\n\t\t\t\t\t\t\t\t<\/div>\n\t\t\t\t\t<\/div>\n\t\t<\/section>\n\t\t\t\t<section class=\"elementor-section elementor-top-section elementor-element elementor-element-cc1c032 elementor-section-boxed elementor-section-height-default elementor-section-height-default\" data-id=\"cc1c032\" data-element_type=\"section\">\n\t\t\t\t\t\t<div class=\"elementor-container elementor-column-gap-default\">\n\t\t\t\t\t\t\t<div class=\"elementor-row\">\n\t\t\t\t\t<div class=\"elementor-column elementor-col-100 elementor-top-column elementor-element elementor-element-b3f1029\" data-id=\"b3f1029\" data-element_type=\"column\">\n\t\t\t<div class=\"elementor-column-wrap elementor-element-populated\">\n\t\t\t\t\t\t\t<div class=\"elementor-widget-wrap\">\n\t\t\t\t\t\t<div class=\"elementor-element elementor-element-59e151c elementor-widget elementor-widget-heading\" data-id=\"59e151c\" data-element_type=\"widget\" data-widget_type=\"heading.default\">\n\t\t\t\t<div class=\"elementor-widget-container\">\n\t\t\t<h2 class=\"elementor-heading-title elementor-size-default\"><span style=\"line-height: 1.3em; color: rgb(72, 72, 72); margin-bottom: 15px; white-space: normal;\">S\u00d3 TEM DE SEGUIR ESTES 4 PASSOS<\/span><\/h2>\t\t<\/div>\n\t\t\t\t<\/div>\n\t\t\t\t\t\t<\/div>\n\t\t\t\t\t<\/div>\n\t\t<\/div>\n\t\t\t\t\t\t\t\t<\/div>\n\t\t\t\t\t<\/div>\n\t\t<\/section>\n\t\t\t\t<section class=\"elementor-section elementor-top-section elementor-element elementor-element-ad13f49 elementor-section-boxed elementor-section-height-default elementor-section-height-default\" data-id=\"ad13f49\" data-element_type=\"section\">\n\t\t\t\t\t\t<div class=\"elementor-container elementor-column-gap-default\">\n\t\t\t\t\t\t\t<div class=\"elementor-row\">\n\t\t\t\t\t<div class=\"elementor-column elementor-col-50 elementor-top-column elementor-element elementor-element-6d8f770\" data-id=\"6d8f770\" data-element_type=\"column\">\n\t\t\t<div class=\"elementor-column-wrap elementor-element-populated\">\n\t\t\t\t\t\t\t<div class=\"elementor-widget-wrap\">\n\t\t\t\t\t\t<div class=\"elementor-element elementor-element-8cf342b elementor-widget elementor-widget-heading\" data-id=\"8cf342b\" data-element_type=\"widget\" data-widget_type=\"heading.default\">\n\t\t\t\t<div class=\"elementor-widget-container\">\n\t\t\t<h2 class=\"elementor-heading-title elementor-size-xxl\">1<\/h2>\t\t<\/div>\n\t\t\t\t<\/div>\n\t\t\t\t<div class=\"elementor-element elementor-element-0b7598c elementor-widget elementor-widget-heading\" data-id=\"0b7598c\" data-element_type=\"widget\" data-widget_type=\"heading.default\">\n\t\t\t\t<div class=\"elementor-widget-container\">\n\t\t\t<h2 class=\"elementor-heading-title elementor-size-xxl\">2<\/h2>\t\t<\/div>\n\t\t\t\t<\/div>\n\t\t\t\t<div class=\"elementor-element elementor-element-cc686cc elementor-widget elementor-widget-heading\" data-id=\"cc686cc\" data-element_type=\"widget\" data-widget_type=\"heading.default\">\n\t\t\t\t<div class=\"elementor-widget-container\">\n\t\t\t<h2 class=\"elementor-heading-title elementor-size-xxl\">3<\/h2>\t\t<\/div>\n\t\t\t\t<\/div>\n\t\t\t\t<div class=\"elementor-element elementor-element-2e03357 elementor-widget elementor-widget-heading\" data-id=\"2e03357\" data-element_type=\"widget\" data-widget_type=\"heading.default\">\n\t\t\t\t<div class=\"elementor-widget-container\">\n\t\t\t<h2 class=\"elementor-heading-title elementor-size-xxl\">4<\/h2>\t\t<\/div>\n\t\t\t\t<\/div>\n\t\t\t\t\t\t<\/div>\n\t\t\t\t\t<\/div>\n\t\t<\/div>\n\t\t\t\t<div class=\"elementor-column elementor-col-50 elementor-top-column elementor-element elementor-element-5c055ee\" data-id=\"5c055ee\" data-element_type=\"column\">\n\t\t\t<div class=\"elementor-column-wrap elementor-element-populated\">\n\t\t\t\t\t\t\t<div class=\"elementor-widget-wrap\">\n\t\t\t\t\t\t<div class=\"elementor-element elementor-element-7343b46 elementor-widget elementor-widget-text-editor\" data-id=\"7343b46\" data-element_type=\"widget\" data-widget_type=\"text-editor.default\">\n\t\t\t\t<div class=\"elementor-widget-container\">\n\t\t\t\t\t\t\t\t<div class=\"elementor-text-editor elementor-clearfix\">\n\t\t\t\t<h2 style=\"caret-color: #000000; color: #000000;\"><span style=\"color: #26a7c9; font-size: 19px; font-weight: var( --e-global-typography-primary-font-weight );\">CRIA\u00c7\u00c3O DE CONTA<\/span><\/h2><p><strong>\u2713<\/strong>\u00a0Entre na Plataforma LOCALLHOMES em <a href=\"https:\/\/plataforma.locallhomes.pt\/login\">https:\/\/plataforma.locallhomes.pt\/login<\/a>\u00a0e clique em \u201cCRIAR NOVA CONTA\u201d<br \/><strong>\u2713<\/strong>\u00a0Depois de preencher todos os campos, ir\u00e1 receber no e-mail com que se registou, uma mensagem \u201cVerificar o seu email\u201d<br \/><strong>\u2713<\/strong> Entre no seu email, clique em \u201cvalidar email\u201d e ser\u00e1 reencaminhado para a p\u00e1gina de\u00a0login da plataforma\u00a0<br \/><strong>\u2713<\/strong> Fa\u00e7a login na Plataforma com o email e password com que se registou e preencha os campos solicitados do Contato Comercial e Perfil:<br \/>\u00a0 \u00a0 <strong>1.<\/strong> Dados Comerciais \u00a0 \u00a0|\u00a0 \u00a0\u00a0<strong>2.<\/strong> Dados Atividade. \u00a0 |\u00a0 \u00a0\u00a0<strong>3.<\/strong> Dados para reservas<br \/><strong>\u2713<\/strong>\u00a0Depois do preenchimento de todos os dados, poder\u00e1 passar ao passo seguinte: Inserir a\u00a0sua Propriedade<\/p><h2 style=\"font-family: Roboto, sans-serif; font-weight: var( --e-global-typography-primary-font-weight ); color: #26a7c9; font-size: 19px;\" data-elementor-setting-key=\"title\" data-pen-placeholder=\"Digite aqui...\">INSER\u00c7\u00c3O DO SEU ALOJAMENTO LOCAL NA\u00a0PLATAFORMA<\/h2><p><strong>\u2713\u00a0<\/strong>Para facilitar o processo de inser\u00e7\u00e3o de uma propriedade (Alojamento Local), sugerimos\u00a0que tenha \u00e0 m\u00e3o:<br \/>\u00a0 \u00a0 <strong>1.<\/strong> O n\u00famero do registo da sua propriedade do RNAL<br \/>\u00a0 \u00a0 <strong>2.<\/strong> O an\u00fancio da sua propriedade, preferencialmente na Airbnb, para facilitar a c\u00f3pia\u00a0da informa\u00e7\u00e3o<br \/><strong>\u2713<\/strong> Preencha os dados relativos \u00e0 localiza\u00e7\u00e3o do seu Alojamento Local e o N\u00famero de\u00a0Registo de RNAL<br \/><strong>\u2713<\/strong> Ir\u00e1 receber um pedido no seu email ou telem\u00f3vel para confirmar os dados do RNAL e\u00a0confirmar que tem autoriza\u00e7\u00e3o e poderes para gerir o an\u00fancio desta propriedade\u00a0<br \/><strong>\u2713<\/strong> Agora, poder\u00e1 inserir os dados do seu Alojamento Local manualmente ou caso queira\u00a0acelerar o preenchimento do formul\u00e1rio, e se tiver an\u00fancio na Airbnb, poder\u00e1 importar os\u00a0dados principais e fotografias\u00a0<br \/><strong>\u2713<\/strong>\u00a0Preencha todos os dados relativos ao seu Alojamento Local:<br \/>\u00a0 \u00a0 <strong>1.<\/strong> Descri\u00e7\u00e3o \u00a0 \u00a0|\u00a0 \u00a0\u00a0<strong>2.<\/strong> Localiza\u00e7\u00e3o \u00a0 \u00a0|\u00a0 \u00a0\u00a0<strong>3.<\/strong> Detalhes \u00a0 \u00a0|\u00a0 \u00a0\u00a0<strong>4.<\/strong> Comodidades \u00a0 \u00a0|\u00a0 \u00a0\u00a0<strong>5.<\/strong> Pre\u00e7o \u00a0 \u00a0|\u00a0 \u00a0\u00a0<strong>6.<\/strong> Imagens \u00a0 \u00a0|\u00a0 \u00a0\u00a0<strong>7.<\/strong>Calend\u00e1rio<br \/><strong>\u2713<\/strong> N\u00e3o se esque\u00e7a de descrever todas as caracter\u00edsticas do seu AL. Valorize o que torna\u00a0o seu espa\u00e7o \u00fanico e partilhe informa\u00e7\u00e3o relevante sobre a zona envolvente.\u00a0<strong>Importante!<\/strong> Dever\u00e1 inserir entre 1 a 3 fotografias de qualidade de cada divis\u00e3o do seu\u00a0AL.\u00a0<span style=\"text-decoration: underline;\"><strong>M\u00ednimo de 5 e m\u00e1ximo de 20 fotografias<\/strong><\/span>\u00a0por an\u00fancio. As fotografias devem estar\u00a0em\u00a0<span style=\"text-decoration: underline;\"><strong>formato JPEG ou PNG<\/strong><\/span>\u00a0e ter no\u00a0<span style=\"text-decoration: underline;\"><strong>m\u00e1ximo 3MB<\/strong><\/span><br \/><strong>\u2713<\/strong> Depois de preencher corretamente todo o formul\u00e1rio do seu Alojamento Local, a\u00a0propriedade fica com indica\u00e7\u00e3o de \u201cATIVA\u201d\u00a0<br \/><strong>\u2713<\/strong>\u00a0Caso falte alguma informa\u00e7\u00e3o obrigat\u00f3ria, ficar\u00e1 \u201cPENDENTE\u201d at\u00e9 preencher a\u00a0informa\u00e7\u00e3o em falta<br \/><strong>\u2713<\/strong> Poder\u00e1 editar a informa\u00e7\u00e3o relativa ao seu Alojamento, bastando clicar no campo\u00a0\u201cA\u00c7\u00d5ES\u201d e clicar no \u00edcone respetivo<\/p><h2 style=\"font-family: Roboto, sans-serif; font-weight: var( --e-global-typography-primary-font-weight ); color: #26a7c9; font-size: 19px;\" data-elementor-setting-key=\"title\" data-pen-placeholder=\"Digite aqui...\">CANDIDATURA DO SEU ALOJAMENTO LOCAL AO SITE DA\u00a0CAMPANHA<\/h2><p><strong>\u2713<\/strong> Agora, s\u00f3 tem de submeter a sua propriedade (Alojamento Local) \u00e0s campanhas em\u00a0vigor<br \/><strong>\u2713<\/strong> Entre no seu email, clique em \u201cValidar email\u201d e ser\u00e1 reencaminhado para a p\u00e1gina de\u00a0login da plataforma<br \/><strong>\u2713<\/strong> Num prazo m\u00e1ximo de 3 dias \u00fateis, receber\u00e1 resposta sobre a sua candidatura<br \/><strong>\u2713<\/strong>\u00a0Ap\u00f3s a aceita\u00e7\u00e3o da sua candidatura, o an\u00fancio do seu Alojamento Local ser\u00e1\u00a0automaticamente ativado no site da Campanha que selecionou<br \/><strong>\u2713<\/strong>\u00a0Para entrar no site da campanha, dever\u00e1 utilizar o email de login com que se registou na\u00a0plataforma. Por uma quest\u00e3o de seguran\u00e7a, ter\u00e1 de criar uma nova password<\/p><h2 style=\"font-family: Roboto, sans-serif; font-weight: var( --e-global-typography-primary-font-weight ); color: #26a7c9; font-size: 19px;\" data-elementor-setting-key=\"title\" data-pen-placeholder=\"Digite aqui...\">AN\u00daNCIO ATIVADO E COMUNICA\u00c7\u00c3O COM O H\u00d3SPEDE<\/h2><p><strong>\u2713<\/strong>\u00a0Depois de ativado o an\u00fancio do seu Alojamento Local no site da campanha, come\u00e7ar\u00e1 a\u00a0receber pedidos de informa\u00e7\u00e3o diretamente na \u00c1rea Pessoal do LOCALLHOMES e no seu\u00a0email<br \/><strong>\u2713<\/strong>\u00a0Confirme a disponibilidade, o valor, as taxas ou ofere\u00e7a um desconto aos seus\u00a0h\u00f3spedes<br \/><strong>\u2713<\/strong>\u00a0Responda o mais depressa poss\u00edvel a todas as mensagens dos h\u00f3spedes. O tempo de\u00a0resposta a uma poss\u00edvel reserva influencia a decis\u00e3o do h\u00f3spede de ficar consigo ou optar\u00a0por outro AL. Aconselhamos que responda, no m\u00e1ximo, em\u00a0<strong>24 horas<\/strong><strong><br \/><\/strong><strong>\u2713<\/strong>\u00a0Assim que a reserva esteja confirmada, combine o modo de pagamento e outros\u00a0detalhes de check-in e check-out com o h\u00f3spede<\/p><p><strong>OBRIGADO POR ANUNCIAR NO LOCALLHOMES!<\/strong><\/p>\t\t\t\t\t<\/div>\n\t\t\t\t\t\t<\/div>\n\t\t\t\t<\/div>\n\t\t\t\t\t\t<\/div>\n\t\t\t\t\t<\/div>\n\t\t<\/div>\n\t\t\t\t\t\t\t\t<\/div>\n\t\t\t\t\t<\/div>\n\t\t<\/section>\n\t\t\t\t\t\t<\/div>\n\t\t\t\t\t\t<\/div>\n\t\t\t\t\t<\/div>\n\t\t","protected":false},"excerpt":{"rendered":"<p>Coloque o seu Alojamento Local no LOCALLHOMES S\u00d3 TEM DE SEGUIR ESTES 4 PASSOS 1 2 3 4 CRIA\u00c7\u00c3O DE CONTA \u2713\u00a0Entre na Plataforma LOCALLHOMES em https:\/\/plataforma.locallhomes.pt\/login\u00a0e clique em \u201cCRIAR NOVA CONTA\u201d\u2713\u00a0Depois de preencher todos os campos, ir\u00e1 receber no e-mail com que se registou, uma mensagem \u201cVerificar o seu email\u201d\u2713 Entre no seu email, &#8230;<\/p>\n","protected":false},"author":7,"featured_media":0,"parent":0,"menu_order":0,"comment_status":"closed","ping_status":"open","template":"","meta":[],"_links":{"self":[{"href":"https:\/\/locallhomes.pt\/portugal\/wp-json\/wp\/v2\/pages\/35801"}],"collection":[{"href":"https:\/\/locallhomes.pt\/portugal\/wp-json\/wp\/v2\/pages"}],"about":[{"href":"https:\/\/locallhomes.pt\/portugal\/wp-json\/wp\/v2\/types\/page"}],"author":[{"embeddable":true,"href":"https:\/\/locallhomes.pt\/portugal\/wp-json\/wp\/v2\/users\/7"}],"replies":[{"embeddable":true,"href":"https:\/\/locallhomes.pt\/portugal\/wp-json\/wp\/v2\/comments?post=35801"}],"version-history":[{"count":89,"href":"https:\/\/locallhomes.pt\/portugal\/wp-json\/wp\/v2\/pages\/35801\/revisions"}],"predecessor-version":[{"id":55711,"href":"https:\/\/locallhomes.pt\/portugal\/wp-json\/wp\/v2\/pages\/35801\/revisions\/55711"}],"wp:attachment":[{"href":"https:\/\/locallhomes.pt\/portugal\/wp-json\/wp\/v2\/media?parent=35801"}],"curies":[{"name":"wp","href":"https:\/\/api.w.org\/{rel}","templated":true}]}}