{"id":35799,"date":"2021-04-26T10:35:57","date_gmt":"2021-04-26T10:35:57","guid":{"rendered":"https:\/\/locallhomes.pt\/portugal\/?page_id=35799"},"modified":"2022-01-04T15:47:23","modified_gmt":"2022-01-04T15:47:23","slug":"como-reservar","status":"publish","type":"page","link":"https:\/\/locallhomes.pt\/portugal\/como-reservar\/","title":{"rendered":"Como reservar"},"content":{"rendered":"\t\t<div data-elementor-type=\"wp-page\" data-elementor-id=\"35799\" class=\"elementor elementor-35799\" data-elementor-settings=\"[]\">\n\t\t\t\t\t\t<div class=\"elementor-inner\">\n\t\t\t\t\t\t\t<div class=\"elementor-section-wrap\">\n\t\t\t\t\t\t\t<section class=\"elementor-section elementor-top-section elementor-element elementor-element-06ac7cb elementor-section-boxed elementor-section-height-default elementor-section-height-default\" data-id=\"06ac7cb\" data-element_type=\"section\">\n\t\t\t\t\t\t<div class=\"elementor-container elementor-column-gap-default\">\n\t\t\t\t\t\t\t<div class=\"elementor-row\">\n\t\t\t\t\t<div class=\"elementor-column elementor-col-100 elementor-top-column elementor-element elementor-element-1c4e779\" data-id=\"1c4e779\" data-element_type=\"column\">\n\t\t\t<div class=\"elementor-column-wrap elementor-element-populated\">\n\t\t\t\t\t\t\t<div class=\"elementor-widget-wrap\">\n\t\t\t\t\t\t<div class=\"elementor-element elementor-element-7eadb20 elementor-widget elementor-widget-heading\" data-id=\"7eadb20\" data-element_type=\"widget\" data-widget_type=\"heading.default\">\n\t\t\t\t<div class=\"elementor-widget-container\">\n\t\t\t<h2 class=\"elementor-heading-title elementor-size-default\">Reservar um alojamento local no LOCALLHOMES \u00e9 f\u00e1cil, r\u00e1pido e seguro.<\/h2>\t\t<\/div>\n\t\t\t\t<\/div>\n\t\t\t\t\t\t<\/div>\n\t\t\t\t\t<\/div>\n\t\t<\/div>\n\t\t\t\t\t\t\t\t<\/div>\n\t\t\t\t\t<\/div>\n\t\t<\/section>\n\t\t\t\t<section class=\"elementor-section elementor-top-section elementor-element elementor-element-80d0790 elementor-section-boxed elementor-section-height-default elementor-section-height-default\" data-id=\"80d0790\" data-element_type=\"section\">\n\t\t\t\t\t\t<div class=\"elementor-container elementor-column-gap-default\">\n\t\t\t\t\t\t\t<div class=\"elementor-row\">\n\t\t\t\t\t<div class=\"elementor-column elementor-col-100 elementor-top-column elementor-element elementor-element-5f5bfb2\" data-id=\"5f5bfb2\" data-element_type=\"column\">\n\t\t\t<div class=\"elementor-column-wrap elementor-element-populated\">\n\t\t\t\t\t\t\t<div class=\"elementor-widget-wrap\">\n\t\t\t\t\t\t<div class=\"elementor-element elementor-element-90b6a4e elementor-aspect-ratio-169 elementor-widget elementor-widget-video\" data-id=\"90b6a4e\" data-element_type=\"widget\" data-settings=\"{&quot;video_type&quot;:&quot;vimeo&quot;,&quot;autoplay&quot;:&quot;yes&quot;,&quot;play_on_mobile&quot;:&quot;yes&quot;,&quot;aspect_ratio&quot;:&quot;169&quot;}\" data-widget_type=\"video.default\">\n\t\t\t\t<div class=\"elementor-widget-container\">\n\t\t\t\t\t<div class=\"elementor-wrapper elementor-fit-aspect-ratio elementor-open-inline\">\n\t\t\t<iframe class=\"elementor-video-iframe\" allowfullscreen title=\"Reprodutor de v\u00eddeo de vimeo\" src=\"https:\/\/player.vimeo.com\/video\/659725137?autoplay=1&amp;playsinline=1&amp;color&amp;autopause=0&amp;loop=0&amp;muted=0&amp;title=1&amp;portrait=1&amp;byline=1#t=\"><\/iframe>\t\t<\/div>\n\t\t\t\t<\/div>\n\t\t\t\t<\/div>\n\t\t\t\t\t\t<\/div>\n\t\t\t\t\t<\/div>\n\t\t<\/div>\n\t\t\t\t\t\t\t\t<\/div>\n\t\t\t\t\t<\/div>\n\t\t<\/section>\n\t\t\t\t<section class=\"elementor-section elementor-top-section elementor-element elementor-element-60a276f elementor-section-boxed elementor-section-height-default elementor-section-height-default\" data-id=\"60a276f\" data-element_type=\"section\">\n\t\t\t\t\t\t<div class=\"elementor-container elementor-column-gap-default\">\n\t\t\t\t\t\t\t<div class=\"elementor-row\">\n\t\t\t\t\t<div class=\"elementor-column elementor-col-100 elementor-top-column elementor-element elementor-element-9834a17\" data-id=\"9834a17\" data-element_type=\"column\">\n\t\t\t<div class=\"elementor-column-wrap elementor-element-populated\">\n\t\t\t\t\t\t\t<div class=\"elementor-widget-wrap\">\n\t\t\t\t\t\t<div class=\"elementor-element elementor-element-bec5da2 elementor-widget elementor-widget-heading\" data-id=\"bec5da2\" data-element_type=\"widget\" data-widget_type=\"heading.default\">\n\t\t\t\t<div class=\"elementor-widget-container\">\n\t\t\t<h2 class=\"elementor-heading-title elementor-size-default\"><span style=\"line-height: 1.3em; color: rgb(72, 72, 72); margin-bottom: 15px; white-space: normal;\">S\u00d3 TEM DE SEGUIR ESTES 5 PASSOS<\/span><\/h2>\t\t<\/div>\n\t\t\t\t<\/div>\n\t\t\t\t\t\t<\/div>\n\t\t\t\t\t<\/div>\n\t\t<\/div>\n\t\t\t\t\t\t\t\t<\/div>\n\t\t\t\t\t<\/div>\n\t\t<\/section>\n\t\t\t\t<section class=\"elementor-section elementor-top-section elementor-element elementor-element-53369b5 elementor-section-boxed elementor-section-height-default elementor-section-height-default\" data-id=\"53369b5\" data-element_type=\"section\">\n\t\t\t\t\t\t<div class=\"elementor-container elementor-column-gap-default\">\n\t\t\t\t\t\t\t<div class=\"elementor-row\">\n\t\t\t\t\t<div class=\"elementor-column elementor-col-50 elementor-top-column elementor-element elementor-element-14c53d5\" data-id=\"14c53d5\" data-element_type=\"column\">\n\t\t\t<div class=\"elementor-column-wrap elementor-element-populated\">\n\t\t\t\t\t\t\t<div class=\"elementor-widget-wrap\">\n\t\t\t\t\t\t<div class=\"elementor-element elementor-element-d3b2311 elementor-widget elementor-widget-heading\" data-id=\"d3b2311\" data-element_type=\"widget\" data-widget_type=\"heading.default\">\n\t\t\t\t<div class=\"elementor-widget-container\">\n\t\t\t<h2 class=\"elementor-heading-title elementor-size-xxl\">1<\/h2>\t\t<\/div>\n\t\t\t\t<\/div>\n\t\t\t\t<div class=\"elementor-element elementor-element-6877912 elementor-widget elementor-widget-heading\" data-id=\"6877912\" data-element_type=\"widget\" data-widget_type=\"heading.default\">\n\t\t\t\t<div class=\"elementor-widget-container\">\n\t\t\t<h2 class=\"elementor-heading-title elementor-size-xxl\">2<\/h2>\t\t<\/div>\n\t\t\t\t<\/div>\n\t\t\t\t<div class=\"elementor-element elementor-element-8e64b51 elementor-widget elementor-widget-heading\" data-id=\"8e64b51\" data-element_type=\"widget\" data-widget_type=\"heading.default\">\n\t\t\t\t<div class=\"elementor-widget-container\">\n\t\t\t<h2 class=\"elementor-heading-title elementor-size-xxl\">3<\/h2>\t\t<\/div>\n\t\t\t\t<\/div>\n\t\t\t\t<div class=\"elementor-element elementor-element-cfc5e39 elementor-widget elementor-widget-heading\" data-id=\"cfc5e39\" data-element_type=\"widget\" data-widget_type=\"heading.default\">\n\t\t\t\t<div class=\"elementor-widget-container\">\n\t\t\t<h2 class=\"elementor-heading-title elementor-size-xxl\">4<\/h2>\t\t<\/div>\n\t\t\t\t<\/div>\n\t\t\t\t<div class=\"elementor-element elementor-element-bf98fa1 elementor-widget elementor-widget-heading\" data-id=\"bf98fa1\" data-element_type=\"widget\" data-widget_type=\"heading.default\">\n\t\t\t\t<div class=\"elementor-widget-container\">\n\t\t\t<h2 class=\"elementor-heading-title elementor-size-xxl\">5<\/h2>\t\t<\/div>\n\t\t\t\t<\/div>\n\t\t\t\t\t\t<\/div>\n\t\t\t\t\t<\/div>\n\t\t<\/div>\n\t\t\t\t<div class=\"elementor-column elementor-col-50 elementor-top-column elementor-element elementor-element-7dc9933\" data-id=\"7dc9933\" data-element_type=\"column\">\n\t\t\t<div class=\"elementor-column-wrap elementor-element-populated\">\n\t\t\t\t\t\t\t<div class=\"elementor-widget-wrap\">\n\t\t\t\t\t\t<div class=\"elementor-element elementor-element-d887660 elementor-widget elementor-widget-text-editor\" data-id=\"d887660\" data-element_type=\"widget\" data-widget_type=\"text-editor.default\">\n\t\t\t\t<div class=\"elementor-widget-container\">\n\t\t\t\t\t\t\t\t<div class=\"elementor-text-editor elementor-clearfix\">\n\t\t\t\t<div>\n<h2><span style=\"color: #26a7c9; font-size: 19px; font-weight: var( --e-global-typography-primary-font-weight );\">REGISTO<\/span><\/h2>\n<p><strong style=\"font-family: var( --e-global-typography-text-font-family ), Sans-serif; caret-color: #000000; color: #000000;\">\u2713<\/strong>&nbsp;Registe-se no LOCALLHOMES clicando no menu em \u201cLogin\u201d <br><strong style=\"caret-color: #000000; color: #000000;\">\u2713<\/strong>&nbsp;De seguida clique em &#8220;N\u00e3o tem uma conta?&#8221;<br><strong style=\"caret-color: #000000; color: #000000;\">\u2713<\/strong>&nbsp;Preencha todos os campos e clique no bot\u00e3o \u201cCrie a sua conta aqui\u201d<b><\/b><\/p>\n<\/div>\t\t\t\t\t<\/div>\n\t\t\t\t\t\t<\/div>\n\t\t\t\t<\/div>\n\t\t\t\t<div class=\"elementor-element elementor-element-e604200 elementor-widget elementor-widget-text-editor\" data-id=\"e604200\" data-element_type=\"widget\" data-widget_type=\"text-editor.default\">\n\t\t\t\t<div class=\"elementor-widget-container\">\n\t\t\t\t\t\t\t\t<div class=\"elementor-text-editor elementor-clearfix\">\n\t\t\t\t<div><h2><span style=\"color: #26a7c9; font-size: 19px; font-weight: var( --e-global-typography-primary-font-weight );\">PESQUISAR E ESCOLHER O SEU ALOJAMENTO LOCAL<\/span><\/h2><p><strong style=\"font-family: var( --e-global-typography-text-font-family ), Sans-serif; caret-color: #000000; color: #000000;\">\u2713<\/strong> Comece a pesquisa do seu Alojamento Local ideal<br \/><strong style=\"caret-color: #000000; color: #000000;\">\u2713<\/strong> Poder\u00e1 guardar os Alojamentos de que mais gosta na sec\u00e7\u00e3o \u201cFavoritos\u201d<br \/><strong style=\"caret-color: #000000; color: #000000;\">\u2713<\/strong> Selecione o Alojamento e veja todos os detalhes do an\u00fancio<br \/><strong style=\"caret-color: #000000; color: #000000;\">\u2713<\/strong>\u00a0Leia com aten\u00e7\u00e3o as condi\u00e7\u00f5es de reserva e regras do alojamento<\/p><\/div>\t\t\t\t\t<\/div>\n\t\t\t\t\t\t<\/div>\n\t\t\t\t<\/div>\n\t\t\t\t<div class=\"elementor-element elementor-element-81f60f5 elementor-widget elementor-widget-text-editor\" data-id=\"81f60f5\" data-element_type=\"widget\" data-widget_type=\"text-editor.default\">\n\t\t\t\t<div class=\"elementor-widget-container\">\n\t\t\t\t\t\t\t\t<div class=\"elementor-text-editor elementor-clearfix\">\n\t\t\t\t<div><h2><span style=\"color: #26a7c9; font-size: 19px; font-weight: var( --e-global-typography-primary-font-weight );\">FAZER O PEDIDO DE INFORMA\u00c7\u00c3O<\/span><\/h2><p><strong style=\"font-family: var( --e-global-typography-text-font-family ), Sans-serif; caret-color: #000000; color: #000000;\">\u2713<\/strong><span style=\"color: var( --e-global-color-text ); font-family: var( --e-global-typography-text-font-family ), Sans-serif;\">\u00a0Escolha as datas pretendidas de check-in e check-out<br \/><\/span><strong style=\"caret-color: #000000; color: #000000;\">\u2713<\/strong><span style=\"color: var( --e-global-color-text ); font-family: var( --e-global-typography-text-font-family ), Sans-serif;\">\u00a0N\u00e3o se esque\u00e7a de indicar o n\u00famero de h\u00f3spedes para obter o pre\u00e7o correto<br \/><\/span><strong style=\"caret-color: #000000; color: #000000;\">\u2713<\/strong><span style=\"color: var( --e-global-color-text ); font-family: var( --e-global-typography-text-font-family ), Sans-serif;\">\u00a0Coloque todas as suas quest\u00f5es e\u00a0<\/span>d\u00favidas por mensagem ao propriet\u00e1rio\u00a0<\/p><\/div>\t\t\t\t\t<\/div>\n\t\t\t\t\t\t<\/div>\n\t\t\t\t<\/div>\n\t\t\t\t<div class=\"elementor-element elementor-element-4a8ce41 elementor-widget elementor-widget-text-editor\" data-id=\"4a8ce41\" data-element_type=\"widget\" data-widget_type=\"text-editor.default\">\n\t\t\t\t<div class=\"elementor-widget-container\">\n\t\t\t\t\t\t\t\t<div class=\"elementor-text-editor elementor-clearfix\">\n\t\t\t\t<div><h2><span style=\"color: #26a7c9; font-size: 19px; font-weight: var( --e-global-typography-primary-font-weight );\">COMUNICA\u00c7\u00c3O COM O ANFITRI\u00c3O<\/span><\/h2><p><strong style=\"font-family: var( --e-global-typography-text-font-family ), Sans-serif; caret-color: #000000; color: #000000;\">\u2713<\/strong>\u00a0A comunica\u00e7\u00e3o com o anfitri\u00e3o e a confirma\u00e7\u00e3o de reserva \u00e9 feita na \u00c1rea Pessoal (Inbox)<br \/><strong style=\"caret-color: #000000; color: #000000;\">\u2713<\/strong>\u00a0Receber\u00e1 tamb\u00e9m toda a informa\u00e7\u00e3o no email com que se registou<\/p><\/div>\t\t\t\t\t<\/div>\n\t\t\t\t\t\t<\/div>\n\t\t\t\t<\/div>\n\t\t\t\t<div class=\"elementor-element elementor-element-3d0d4a7 elementor-widget elementor-widget-text-editor\" data-id=\"3d0d4a7\" data-element_type=\"widget\" data-widget_type=\"text-editor.default\">\n\t\t\t\t<div class=\"elementor-widget-container\">\n\t\t\t\t\t\t\t\t<div class=\"elementor-text-editor elementor-clearfix\">\n\t\t\t\t<div><h2><span style=\"color: #26a7c9; font-size: 19px; font-weight: var( --e-global-typography-primary-font-weight );\">CONFIRMA\u00c7\u00c3O DE RESERVA<\/span><\/h2><p><strong style=\"font-family: var( --e-global-typography-text-font-family ), Sans-serif; caret-color: #000000; color: #000000;\">\u2713<\/strong>\u00a0A partir deste momento, fica em contacto direto com o anfitri\u00e3o para combinar o modo de pagamento e todos os detalhes da reserva<\/p><\/div><p>\u00a0<\/p><div><p><strong><br \/>APROVEITE A SUA ESTADIA!<\/strong><\/p><\/div>\t\t\t\t\t<\/div>\n\t\t\t\t\t\t<\/div>\n\t\t\t\t<\/div>\n\t\t\t\t\t\t<\/div>\n\t\t\t\t\t<\/div>\n\t\t<\/div>\n\t\t\t\t\t\t\t\t<\/div>\n\t\t\t\t\t<\/div>\n\t\t<\/section>\n\t\t\t\t\t\t<\/div>\n\t\t\t\t\t\t<\/div>\n\t\t\t\t\t<\/div>\n\t\t","protected":false},"excerpt":{"rendered":"<p>Reservar um alojamento local no LOCALLHOMES \u00e9 f\u00e1cil, r\u00e1pido e seguro. S\u00d3 TEM DE SEGUIR ESTES 5 PASSOS 1 2 3 4 5 REGISTO \u2713&nbsp;Registe-se no LOCALLHOMES clicando no menu em \u201cLogin\u201d \u2713&nbsp;De seguida clique em &#8220;N\u00e3o tem uma conta?&#8221;\u2713&nbsp;Preencha todos os campos e clique no bot\u00e3o \u201cCrie a sua conta aqui\u201d PESQUISAR E ESCOLHER &#8230;<\/p>\n","protected":false},"author":7,"featured_media":0,"parent":0,"menu_order":0,"comment_status":"closed","ping_status":"open","template":"","meta":[],"_links":{"self":[{"href":"https:\/\/locallhomes.pt\/portugal\/wp-json\/wp\/v2\/pages\/35799"}],"collection":[{"href":"https:\/\/locallhomes.pt\/portugal\/wp-json\/wp\/v2\/pages"}],"about":[{"href":"https:\/\/locallhomes.pt\/portugal\/wp-json\/wp\/v2\/types\/page"}],"author":[{"embeddable":true,"href":"https:\/\/locallhomes.pt\/portugal\/wp-json\/wp\/v2\/users\/7"}],"replies":[{"embeddable":true,"href":"https:\/\/locallhomes.pt\/portugal\/wp-json\/wp\/v2\/comments?post=35799"}],"version-history":[{"count":134,"href":"https:\/\/locallhomes.pt\/portugal\/wp-json\/wp\/v2\/pages\/35799\/revisions"}],"predecessor-version":[{"id":50720,"href":"https:\/\/locallhomes.pt\/portugal\/wp-json\/wp\/v2\/pages\/35799\/revisions\/50720"}],"wp:attachment":[{"href":"https:\/\/locallhomes.pt\/portugal\/wp-json\/wp\/v2\/media?parent=35799"}],"curies":[{"name":"wp","href":"https:\/\/api.w.org\/{rel}","templated":true}]}}